{"id":70,"date":"2019-07-03T12:56:53","date_gmt":"2019-07-03T12:56:53","guid":{"rendered":"http:\/\/www.elamanvare.fi\/?page_id=70"},"modified":"2023-07-14T13:09:58","modified_gmt":"2023-07-14T11:09:58","slug":"tietoja-minusta-terapeuttina","status":"publish","type":"page","link":"https:\/\/varepsykoterapia.fi\/index.php\/tietoja-minusta-terapeuttina\/","title":{"rendered":"Tietoja minusta terapeuttina"},"content":{"rendered":"\n<div class=\"wp-block-columns is-layout-flex wp-container-core-columns-is-layout-9d6595d7 wp-block-columns-is-layout-flex\">\n<div class=\"wp-block-column is-layout-flow wp-block-column-is-layout-flow\" style=\"flex-basis:66.66%\">\n<p>Olen vankasti aikuisi\u00e4ss\u00e4 oleva nainen, suorapuheinen, mutta neuvotteleva. Vahvuuteni on avara n\u00e4k\u00f6kulma asioihin ja my\u00f6t\u00e4tuntoisuus, jonka ty\u00f6- ja el\u00e4m\u00e4nkokemukseni on antanut. L\u00e4hestyn ihmisel\u00e4m\u00e4\u00e4 ja tavallista, toimivaa arkea kokonaisvaltaisesti. Hakeutuessasi terapiaan\/keskusteluun, oletukseni on, ett\u00e4 toivot muutosta johonkin el\u00e4m\u00e4ss\u00e4si ja olet halukas my\u00f6s ty\u00f6skentelyyn. Terapia kun ei ole jotakin, jota vain &#8221;saadaan tai annetaan&#8221;, vaan yhteinen matka, jossa yleens\u00e4 koetaan my\u00f6s mutkia. Mutkan j\u00e4lkeen matka jatkuu, ja olen kanssasi mukana varmistamassa reitill\u00e4 pysymist\u00e4.<\/p>\n<\/div>\n\n\n\n<div class=\"wp-block-column is-layout-flow wp-block-column-is-layout-flow\" style=\"flex-basis:33.33%\">\n<figure class=\"wp-block-image size-large is-resized\"><img loading=\"lazy\" decoding=\"async\" src=\"https:\/\/varepsykoterapia.fi\/wp-content\/uploads\/2023\/07\/Lattialla-768x1024.jpg\" alt=\"\" class=\"wp-image-531\" width=\"273\" height=\"364\" srcset=\"https:\/\/varepsykoterapia.fi\/wp-content\/uploads\/2023\/07\/Lattialla-768x1024.jpg 768w, https:\/\/varepsykoterapia.fi\/wp-content\/uploads\/2023\/07\/Lattialla-225x300.jpg 225w, https:\/\/varepsykoterapia.fi\/wp-content\/uploads\/2023\/07\/Lattialla-1152x1536.jpg 1152w, https:\/\/varepsykoterapia.fi\/wp-content\/uploads\/2023\/07\/Lattialla-1536x2048.jpg 1536w, https:\/\/varepsykoterapia.fi\/wp-content\/uploads\/2023\/07\/Lattialla.jpg 1875w\" sizes=\"auto, (max-width: 273px) 100vw, 273px\" \/><\/figure>\n<\/div>\n<\/div>\n\n\n\n<p>Asiakkaana sin\u00e4 olet avainasemassa m\u00e4\u00e4rittelem\u00e4ss\u00e4 tarvitsemaasi tukea ja tavoitettasi, ja yhdess\u00e4 neuvottelemme siit\u00e4 miten l\u00e4hdemme ty\u00f6skentelem\u00e4\u00e4n niit\u00e4 kohti.<\/p>\n\n\n\n<p>Keskin\u00e4inen vuorovaikutuksemme on t\u00e4rke\u00e4\u00e4, avoimuus ja luottamus, jonka luomiseen panostan.<\/p>\n\n\n\n<p>Erityinen kiinnostuksen kohteeni ja ty\u00f6tapani on skeematerapia. Skeematerapiassa tutkitaan sek\u00e4 oman historian vaikutuksia nykyisyyteen, ett\u00e4 edet\u00e4\u00e4n omassa ajattelussa ja toiminnassa kohti uusia vaihtoehtoja, joilla voidaan saavuttaa itse\u00e4 tyydytt\u00e4v\u00e4mpi el\u00e4m\u00e4. Tietoisuus- ja tunnes\u00e4\u00e4telytaidot tukevat osaltaan hyv\u00e4\u00e4 el\u00e4m\u00e4\u00e4. Hyv\u00e4ksymis- ja omistautumisterapiasta olen omaksunut oman ajattelun, asioihin ja tunteisiin reagoimisen kanssa ty\u00f6skentelyn.&nbsp; Omien arvojen l\u00f6yt\u00e4minen ja niit\u00e4 kohti eteneminen ovat my\u00f6s oleellisina ty\u00f6skentelyss\u00e4ni mukana.<\/p>\n\n\n\n<figure class=\"wp-block-image size-full is-resized\"><img loading=\"lazy\" decoding=\"async\" src=\"https:\/\/varepsykoterapia.fi\/wp-content\/uploads\/2019\/07\/cropped-Alchemilla.jpg\" alt=\"\" class=\"wp-image-400\" width=\"310\" height=\"310\" srcset=\"https:\/\/varepsykoterapia.fi\/wp-content\/uploads\/2019\/07\/cropped-Alchemilla.jpg 512w, https:\/\/varepsykoterapia.fi\/wp-content\/uploads\/2019\/07\/cropped-Alchemilla-300x300.jpg 300w, https:\/\/varepsykoterapia.fi\/wp-content\/uploads\/2019\/07\/cropped-Alchemilla-150x150.jpg 150w, https:\/\/varepsykoterapia.fi\/wp-content\/uploads\/2019\/07\/cropped-Alchemilla-270x270.jpg 270w, https:\/\/varepsykoterapia.fi\/wp-content\/uploads\/2019\/07\/cropped-Alchemilla-192x192.jpg 192w, https:\/\/varepsykoterapia.fi\/wp-content\/uploads\/2019\/07\/cropped-Alchemilla-180x180.jpg 180w, https:\/\/varepsykoterapia.fi\/wp-content\/uploads\/2019\/07\/cropped-Alchemilla-32x32.jpg 32w\" sizes=\"auto, (max-width: 310px) 100vw, 310px\" \/><\/figure>\n","protected":false},"excerpt":{"rendered":"<p>Olen vankasti aikuisi\u00e4ss\u00e4 oleva nainen, suorapuheinen, mutta neuvotteleva. Vahvuuteni on avara n\u00e4k\u00f6kulma asioihin ja my\u00f6t\u00e4tuntoisuus, jonka ty\u00f6- ja el\u00e4m\u00e4nkokemukseni on antanut. L\u00e4hestyn ihmisel\u00e4m\u00e4\u00e4 ja tavallista, toimivaa arkea kokonaisvaltaisesti. Hakeutuessasi terapiaan\/keskusteluun, oletukseni on, ett\u00e4 toivot muutosta johonkin el\u00e4m\u00e4ss\u00e4si ja olet halukas my\u00f6s ty\u00f6skentelyyn. Terapia kun ei ole jotakin, jota vain &#8221;saadaan tai annetaan&#8221;, vaan yhteinen matka, &hellip; <\/p>\n<p class=\"link-more\"><a href=\"https:\/\/varepsykoterapia.fi\/index.php\/tietoja-minusta-terapeuttina\/\" class=\"more-link\">Jatka lukemista<span class=\"screen-reader-text\"> &#8221;Tietoja minusta terapeuttina&#8221;<\/span><\/a><\/p>\n","protected":false},"author":1,"featured_media":0,"parent":0,"menu_order":1,"comment_status":"closed","ping_status":"closed","template":"","meta":{"footnotes":""},"class_list":["post-70","page","type-page","status-publish","hentry"],"acf":[],"_links":{"self":[{"href":"https:\/\/varepsykoterapia.fi\/index.php\/wp-json\/wp\/v2\/pages\/70","targetHints":{"allow":["GET"]}}],"collection":[{"href":"https:\/\/varepsykoterapia.fi\/index.php\/wp-json\/wp\/v2\/pages"}],"about":[{"href":"https:\/\/varepsykoterapia.fi\/index.php\/wp-json\/wp\/v2\/types\/page"}],"author":[{"embeddable":true,"href":"https:\/\/varepsykoterapia.fi\/index.php\/wp-json\/wp\/v2\/users\/1"}],"replies":[{"embeddable":true,"href":"https:\/\/varepsykoterapia.fi\/index.php\/wp-json\/wp\/v2\/comments?post=70"}],"version-history":[{"count":28,"href":"https:\/\/varepsykoterapia.fi\/index.php\/wp-json\/wp\/v2\/pages\/70\/revisions"}],"predecessor-version":[{"id":621,"href":"https:\/\/varepsykoterapia.fi\/index.php\/wp-json\/wp\/v2\/pages\/70\/revisions\/621"}],"wp:attachment":[{"href":"https:\/\/varepsykoterapia.fi\/index.php\/wp-json\/wp\/v2\/media?parent=70"}],"curies":[{"name":"wp","href":"https:\/\/api.w.org\/{rel}","templated":true}]}}