{"id":283,"date":"2019-07-05T18:05:27","date_gmt":"2019-07-05T16:05:27","guid":{"rendered":"http:\/\/varepsykoterapia.fi\/?page_id=283"},"modified":"2025-07-14T12:32:07","modified_gmt":"2025-07-14T10:32:07","slug":"yhteystiedot","status":"publish","type":"page","link":"https:\/\/varepsykoterapia.fi\/","title":{"rendered":"Psykoterapiaan"},"content":{"rendered":"\n<p>Tarjoan Kelan kuntoutuspsykoterapiaa, lyhytpsykoterapiaa (Hgin palse tai omakust.) ja kertaluonteisia tukik\u00e4yntej\u00e4 sek\u00e4 et\u00e4- ja l\u00e4hivastaanotolla. <\/p>\n\n\n\n<p>Ty\u00f6huoneeni sijaitsee Helsingiss\u00e4, osoitteessa<a href=\"https:\/\/www.fonecta.fi\/kartat\/Kansakoulukatu%2010,%2000100,%20Kamppi,%20Helsinki?lon=24.93288&amp;lat=60.167599&amp;z=15\" target=\"_blank\" rel=\"noreferrer noopener\"> <\/a><a href=\"https:\/\/www.fonecta.fi\/kartat\/t%C3%B6%C3%B6l%C3%B6ntullinkatu%208,%20helsinki?lon=24.91286&amp;lat=60.19042&amp;z=15\" data-type=\"page\" data-id=\"665\">T\u00f6\u00f6l\u00f6ntullinkatu 8 <\/a> .<\/p>\n\n\n\n<p>Voit tiedustella vapaita aikoja ottamalla yhteytt\u00e4 s\u00e4hk\u00f6postitse <a href=\"mailto:eleanor@varepsykoterapia.fi\" target=\"_blank\" rel=\"noreferrer noopener\">vare.terapia@elisanet.fi<\/a><\/p>\n\n\n\n<p><\/p>\n\n\n\n<figure class=\"wp-block-image size-medium\"><img loading=\"lazy\" decoding=\"async\" width=\"225\" height=\"300\" src=\"https:\/\/varepsykoterapia.fi\/wp-content\/uploads\/2023\/07\/Meitsie-225x300.jpg\" alt=\"\" class=\"wp-image-530\" srcset=\"https:\/\/varepsykoterapia.fi\/wp-content\/uploads\/2023\/07\/Meitsie-225x300.jpg 225w, https:\/\/varepsykoterapia.fi\/wp-content\/uploads\/2023\/07\/Meitsie-768x1024.jpg 768w, https:\/\/varepsykoterapia.fi\/wp-content\/uploads\/2023\/07\/Meitsie-1152x1536.jpg 1152w, https:\/\/varepsykoterapia.fi\/wp-content\/uploads\/2023\/07\/Meitsie-1536x2048.jpg 1536w, https:\/\/varepsykoterapia.fi\/wp-content\/uploads\/2023\/07\/Meitsie.jpg 1875w\" sizes=\"auto, (max-width: 225px) 100vw, 225px\" \/><\/figure>\n\n\n\n<p><strong>Tapaamisiin!<\/strong>                                                                                                <\/p>\n\n\n\n<p>L\u00e4mpimin terveisin, Eleanor<\/p>\n\n\n\n<p><\/p>\n\n\n","protected":false},"excerpt":{"rendered":"<p>Tarjoan Kelan kuntoutuspsykoterapiaa, lyhytpsykoterapiaa (Hgin palse tai omakust.) ja kertaluonteisia tukik\u00e4yntej\u00e4 sek\u00e4 et\u00e4- ja l\u00e4hivastaanotolla. Ty\u00f6huoneeni sijaitsee Helsingiss\u00e4, osoitteessa T\u00f6\u00f6l\u00f6ntullinkatu 8 . Voit tiedustella vapaita aikoja ottamalla yhteytt\u00e4 s\u00e4hk\u00f6postitse vare.terapia@elisanet.fi Tapaamisiin! L\u00e4mpimin terveisin, Eleanor<\/p>\n","protected":false},"author":1,"featured_media":0,"parent":0,"menu_order":1,"comment_status":"closed","ping_status":"closed","template":"","meta":{"footnotes":""},"class_list":["post-283","page","type-page","status-publish","hentry"],"acf":[],"_links":{"self":[{"href":"https:\/\/varepsykoterapia.fi\/index.php\/wp-json\/wp\/v2\/pages\/283","targetHints":{"allow":["GET"]}}],"collection":[{"href":"https:\/\/varepsykoterapia.fi\/index.php\/wp-json\/wp\/v2\/pages"}],"about":[{"href":"https:\/\/varepsykoterapia.fi\/index.php\/wp-json\/wp\/v2\/types\/page"}],"author":[{"embeddable":true,"href":"https:\/\/varepsykoterapia.fi\/index.php\/wp-json\/wp\/v2\/users\/1"}],"replies":[{"embeddable":true,"href":"https:\/\/varepsykoterapia.fi\/index.php\/wp-json\/wp\/v2\/comments?post=283"}],"version-history":[{"count":56,"href":"https:\/\/varepsykoterapia.fi\/index.php\/wp-json\/wp\/v2\/pages\/283\/revisions"}],"predecessor-version":[{"id":667,"href":"https:\/\/varepsykoterapia.fi\/index.php\/wp-json\/wp\/v2\/pages\/283\/revisions\/667"}],"wp:attachment":[{"href":"https:\/\/varepsykoterapia.fi\/index.php\/wp-json\/wp\/v2\/media?parent=283"}],"curies":[{"name":"wp","href":"https:\/\/api.w.org\/{rel}","templated":true}]}}