{"id":233,"date":"2019-07-03T17:59:04","date_gmt":"2019-07-03T17:59:04","guid":{"rendered":"http:\/\/www.elamanvare.fi\/?page_id=233"},"modified":"2026-05-06T12:11:09","modified_gmt":"2026-05-06T10:11:09","slug":"hinnat","status":"publish","type":"page","link":"https:\/\/varepsykoterapia.fi\/index.php\/hinnat\/","title":{"rendered":"Hinnat"},"content":{"rendered":"\n<ul class=\"wp-block-list\">\n<li><strong>Psykoterapia 110\u20ac \/ Kuntoutuspsykoterapia (Kela) 110\u20ac \/ 45 min.<\/strong><\/li>\n\n\n\n<li>Psykoterapia voi toteutua itse maksaen tai Kelan tukemana kuntoutuspsykoterapiana.<\/li>\n\n\n\n<li>Psykoterapia on yhteisty\u00f6suhde, josta tehd\u00e4\u00e4n kirjallinen sopimus, tapaaminen tavallisesti kerran viikossa.                                                                                   <\/li>\n<\/ul>\n\n\n\n<ul class=\"wp-block-list\">\n<li><strong>Lyhytpsykoterapia esim. 10-20 tapaamista 110\u20ac \/ 45min.<\/strong><\/li>\n\n\n\n<li>Lyhyt m\u00e4\u00e4r\u00e4aikainen terapeuttinen yhteisty\u00f6, jonka kestosta sovitaan yhteisty\u00f6n alussa.  <\/li>\n\n\n\n<li>Lyhytterapiaa voi suositella tiettyyn pulmaan tai asiakokonaisuuteen, kuten esim., kun tarvitsetukea el\u00e4m\u00e4n muutosvaiheissa ja ratkaisuissa (opiskelu, ty\u00f6, perhe)<\/li>\n<\/ul>\n\n\n\n<ul class=\"wp-block-list\">\n<li><strong>Tuki- tai kriisik\u00e4ynti 100\u20ac \/ 45min. <\/strong><\/li>\n\n\n\n<li>Mik\u00e4li et ole varma mink\u00e4laista apua tarvitset, voit varata ajan kriisi-\/tukik\u00e4ynnille, jossa voimme kartoittaa tilannettasi ja saat ohjausta ja neuvontaa tukimahdollisuuksista.<\/li>\n<\/ul>\n\n\n\n<figure class=\"wp-block-image size-large is-resized\"><img loading=\"lazy\" decoding=\"async\" width=\"1024\" height=\"768\" src=\"https:\/\/varepsykoterapia.fi\/wp-content\/uploads\/2023\/07\/IMG_5166-1024x768.jpg\" alt=\"\" class=\"wp-image-532\" srcset=\"https:\/\/varepsykoterapia.fi\/wp-content\/uploads\/2023\/07\/IMG_5166-1024x768.jpg 1024w, https:\/\/varepsykoterapia.fi\/wp-content\/uploads\/2023\/07\/IMG_5166-300x225.jpg 300w, https:\/\/varepsykoterapia.fi\/wp-content\/uploads\/2023\/07\/IMG_5166-768x576.jpg 768w, https:\/\/varepsykoterapia.fi\/wp-content\/uploads\/2023\/07\/IMG_5166-1536x1152.jpg 1536w, https:\/\/varepsykoterapia.fi\/wp-content\/uploads\/2023\/07\/IMG_5166-2048x1536.jpg 2048w\" sizes=\"auto, (max-width: 706px) 89vw, (max-width: 767px) 82vw, 740px\" \/><\/figure>\n","protected":false},"excerpt":{"rendered":"","protected":false},"author":1,"featured_media":0,"parent":0,"menu_order":0,"comment_status":"closed","ping_status":"closed","template":"","meta":{"footnotes":""},"class_list":["post-233","page","type-page","status-publish","hentry"],"acf":[],"_links":{"self":[{"href":"https:\/\/varepsykoterapia.fi\/index.php\/wp-json\/wp\/v2\/pages\/233","targetHints":{"allow":["GET"]}}],"collection":[{"href":"https:\/\/varepsykoterapia.fi\/index.php\/wp-json\/wp\/v2\/pages"}],"about":[{"href":"https:\/\/varepsykoterapia.fi\/index.php\/wp-json\/wp\/v2\/types\/page"}],"author":[{"embeddable":true,"href":"https:\/\/varepsykoterapia.fi\/index.php\/wp-json\/wp\/v2\/users\/1"}],"replies":[{"embeddable":true,"href":"https:\/\/varepsykoterapia.fi\/index.php\/wp-json\/wp\/v2\/comments?post=233"}],"version-history":[{"count":29,"href":"https:\/\/varepsykoterapia.fi\/index.php\/wp-json\/wp\/v2\/pages\/233\/revisions"}],"predecessor-version":[{"id":676,"href":"https:\/\/varepsykoterapia.fi\/index.php\/wp-json\/wp\/v2\/pages\/233\/revisions\/676"}],"wp:attachment":[{"href":"https:\/\/varepsykoterapia.fi\/index.php\/wp-json\/wp\/v2\/media?parent=233"}],"curies":[{"name":"wp","href":"https:\/\/api.w.org\/{rel}","templated":true}]}}