{"id":167,"date":"2019-07-03T16:09:03","date_gmt":"2019-07-03T16:09:03","guid":{"rendered":"http:\/\/www.elamanvare.fi\/?page_id=167"},"modified":"2023-07-14T13:33:37","modified_gmt":"2023-07-14T11:33:37","slug":"mita-tapaamisissa-tehdaan","status":"publish","type":"page","link":"https:\/\/varepsykoterapia.fi\/index.php\/mita-tapaamisissa-tehdaan\/","title":{"rendered":"Mit\u00e4 tapaamisissa mm. tehd\u00e4\u00e4n"},"content":{"rendered":"\n<div class=\"wp-block-media-text alignwide is-stacked-on-mobile\"><figure class=\"wp-block-media-text__media\"><img loading=\"lazy\" decoding=\"async\" width=\"768\" height=\"1024\" src=\"https:\/\/varepsykoterapia.fi\/wp-content\/uploads\/2023\/07\/IMG_5161-768x1024.jpg\" alt=\"\" class=\"wp-image-537 size-full\" srcset=\"https:\/\/varepsykoterapia.fi\/wp-content\/uploads\/2023\/07\/IMG_5161-768x1024.jpg 768w, https:\/\/varepsykoterapia.fi\/wp-content\/uploads\/2023\/07\/IMG_5161-225x300.jpg 225w, https:\/\/varepsykoterapia.fi\/wp-content\/uploads\/2023\/07\/IMG_5161-1152x1536.jpg 1152w, https:\/\/varepsykoterapia.fi\/wp-content\/uploads\/2023\/07\/IMG_5161-1536x2048.jpg 1536w, https:\/\/varepsykoterapia.fi\/wp-content\/uploads\/2023\/07\/IMG_5161-scaled.jpg 1920w\" sizes=\"auto, (max-width: 706px) 89vw, (max-width: 767px) 82vw, 740px\" \/><\/figure><div class=\"wp-block-media-text__content\">\n<p>Alkuun istutaan ja ihmetell\u00e4\u00e4n, tutustutaan toisiimme ja kerrot, mihin tarvitset tukea.<\/p>\n\n\n\n<p>Terapiaty\u00f6skentely on tavoitteellista ja sen my\u00f6t\u00e4 voimme tutkia sek\u00e4 mit\u00e4 el\u00e4m\u00e4ss\u00e4si tapahtuu t\u00e4ss\u00e4-ja-nyt, ett\u00e4 varhaisia vaiheitasi ja ihmissuhteitasi. Oleellista on my\u00f6s se, mit\u00e4 tapahtuu vuorovaikutuksessa meid\u00e4n v\u00e4lill\u00e4mme.<\/p>\n<\/div><\/div>\n\n\n\n<p>Keskustelumme ja pohdintamme aikana k\u00e4yt\u00e4n hyvin usein havainnollistamisen apuna piirt\u00e4mist\u00e4 ja kirjoittamista valko-\/fl\u00e4ppitaululle. N\u00e4ist\u00e4 voit ottaa aina halutessasi valokuvan my\u00f6s itsellesi. K\u00e4yt\u00e4n ty\u00f6skentelyss\u00e4 my\u00f6s erilaisia kuvakortteja.<\/p>\n\n\n\n<p>Tietoisuus- ja tunnes\u00e4\u00e4telytaidot voivat tukea yhteisty\u00f6t\u00e4, ja k\u00e4yt\u00e4nkin mielell\u00e4ni rentoutus- ja mindfulness-harjoituksia ja opetan niit\u00e4 my\u00f6s sinulle.  Oman vireystilan ja kehollisten reaktioiden tunnistaminen ja s\u00e4\u00e4tely tukevat sinua kohti parempaa hyvinvointia. <\/p>\n\n\n\n<div class=\"wp-block-media-text alignwide has-media-on-the-right is-stacked-on-mobile\" style=\"grid-template-columns:auto 27%\"><div class=\"wp-block-media-text__content\">\n<p>Skeematerapiassa k\u00e4yt\u00e4n sis\u00e4isten toimintamallien havainnollistamisessa muovihahmoja ja palaamme muistoihin mielikuvamenetelmill\u00e4.  -Luovuus ja leikillisyyskin ovat tapaamisissa my\u00f6s l\u00e4sn\u00e4 aina, ei pelk\u00e4st\u00e4\u00e4n taideterapeuttisissa kohtaamisissa tai skeematerapian yhteydess\u00e4.<\/p>\n<\/div><figure class=\"wp-block-media-text__media\"><img loading=\"lazy\" decoding=\"async\" width=\"768\" height=\"1024\" src=\"https:\/\/varepsykoterapia.fi\/wp-content\/uploads\/2023\/07\/Ketun-kanssa-768x1024.jpg\" alt=\"\" class=\"wp-image-538 size-full\" srcset=\"https:\/\/varepsykoterapia.fi\/wp-content\/uploads\/2023\/07\/Ketun-kanssa-768x1024.jpg 768w, https:\/\/varepsykoterapia.fi\/wp-content\/uploads\/2023\/07\/Ketun-kanssa-225x300.jpg 225w, https:\/\/varepsykoterapia.fi\/wp-content\/uploads\/2023\/07\/Ketun-kanssa-1152x1536.jpg 1152w, https:\/\/varepsykoterapia.fi\/wp-content\/uploads\/2023\/07\/Ketun-kanssa-1536x2048.jpg 1536w, https:\/\/varepsykoterapia.fi\/wp-content\/uploads\/2023\/07\/Ketun-kanssa.jpg 1875w\" sizes=\"auto, (max-width: 706px) 89vw, (max-width: 767px) 82vw, 740px\" \/><\/figure><\/div>\n\n\n\n<p><\/p>\n\n\n\n<p><\/p>\n","protected":false},"excerpt":{"rendered":"<p>Alkuun istutaan ja ihmetell\u00e4\u00e4n, tutustutaan toisiimme ja kerrot, mihin tarvitset tukea. Terapiaty\u00f6skentely on tavoitteellista ja sen my\u00f6t\u00e4 voimme tutkia sek\u00e4 mit\u00e4 el\u00e4m\u00e4ss\u00e4si tapahtuu t\u00e4ss\u00e4-ja-nyt, ett\u00e4 varhaisia vaiheitasi ja ihmissuhteitasi. Oleellista on my\u00f6s se, mit\u00e4 tapahtuu vuorovaikutuksessa meid\u00e4n v\u00e4lill\u00e4mme. Keskustelumme ja pohdintamme aikana k\u00e4yt\u00e4n hyvin usein havainnollistamisen apuna piirt\u00e4mist\u00e4 ja kirjoittamista valko-\/fl\u00e4ppitaululle. N\u00e4ist\u00e4 voit ottaa aina &hellip; <\/p>\n<p class=\"link-more\"><a href=\"https:\/\/varepsykoterapia.fi\/index.php\/mita-tapaamisissa-tehdaan\/\" class=\"more-link\">Jatka lukemista<span class=\"screen-reader-text\"> &#8221;Mit\u00e4 tapaamisissa mm. tehd\u00e4\u00e4n&#8221;<\/span><\/a><\/p>\n","protected":false},"author":1,"featured_media":0,"parent":0,"menu_order":0,"comment_status":"closed","ping_status":"closed","template":"","meta":{"footnotes":""},"class_list":["post-167","page","type-page","status-publish","hentry"],"acf":[],"_links":{"self":[{"href":"https:\/\/varepsykoterapia.fi\/index.php\/wp-json\/wp\/v2\/pages\/167","targetHints":{"allow":["GET"]}}],"collection":[{"href":"https:\/\/varepsykoterapia.fi\/index.php\/wp-json\/wp\/v2\/pages"}],"about":[{"href":"https:\/\/varepsykoterapia.fi\/index.php\/wp-json\/wp\/v2\/types\/page"}],"author":[{"embeddable":true,"href":"https:\/\/varepsykoterapia.fi\/index.php\/wp-json\/wp\/v2\/users\/1"}],"replies":[{"embeddable":true,"href":"https:\/\/varepsykoterapia.fi\/index.php\/wp-json\/wp\/v2\/comments?post=167"}],"version-history":[{"count":15,"href":"https:\/\/varepsykoterapia.fi\/index.php\/wp-json\/wp\/v2\/pages\/167\/revisions"}],"predecessor-version":[{"id":626,"href":"https:\/\/varepsykoterapia.fi\/index.php\/wp-json\/wp\/v2\/pages\/167\/revisions\/626"}],"wp:attachment":[{"href":"https:\/\/varepsykoterapia.fi\/index.php\/wp-json\/wp\/v2\/media?parent=167"}],"curies":[{"name":"wp","href":"https:\/\/api.w.org\/{rel}","templated":true}]}}