{"id":140,"date":"2019-07-03T15:13:11","date_gmt":"2019-07-03T15:13:11","guid":{"rendered":"http:\/\/www.elamanvare.fi\/?page_id=140"},"modified":"2023-07-18T08:11:01","modified_gmt":"2023-07-18T06:11:01","slug":"integratiivinen-psykoterapia","status":"publish","type":"page","link":"https:\/\/varepsykoterapia.fi\/index.php\/integratiivinen-psykoterapia\/","title":{"rendered":"Integratiivinen psykoterapia"},"content":{"rendered":"\n<p>&#8221;Integratiivisessa psykoterapiassa tavoitteena on ty\u00f6skentelytapa, joka huomioi asiakkaiden yksil\u00f6lliset hoidolliset tarpeet mahdollisimman hyvin. T\u00e4h\u00e4n pyrit\u00e4\u00e4n erityisesti painottamalla eri psykoterapiamuodoille yhteisi\u00e4, muutosta tutkitusti tuottavia tekij\u00f6it\u00e4, kuten hyv\u00e4\u00e4 yhteisty\u00f6suhdetta asiakkaan ja terapeutin v\u00e4lill\u00e4. Tarpeen mukaan l\u00e4hestymistapaa t\u00e4ydennet\u00e4\u00e4n asiakkaan hoitoon soveltuvalla kokonaisuudella eri psykoterapiasuuntausten teoreettisista hahmotustavoista ja tekniikoista. Psykoterapiassa asiakas ja terapeutti neuvottelevat yhdess\u00e4 asiakkaan yksil\u00f6llisist\u00e4 tavoitteista ja h\u00e4nelle soveltuvista ty\u00f6tavoista. Integratiivisen psykoterapeutin ominaisuuksia ovat avoimuus ja joustavuus suhteessa eri psykoterapiateorioihin ja ty\u00f6tapoihin sek\u00e4 vapaus koulukuntaisesta ajattelusta.&#8221;<\/p>\n\n\n\n<div class=\"wp-block-media-text alignwide is-stacked-on-mobile\"><figure class=\"wp-block-media-text__media\"><img loading=\"lazy\" decoding=\"async\" width=\"1024\" height=\"573\" src=\"https:\/\/varepsykoterapia.fi\/wp-content\/uploads\/2019\/07\/fullsizeoutput_1339-1024x573.jpeg\" alt=\"\" class=\"wp-image-249 size-full\" srcset=\"https:\/\/varepsykoterapia.fi\/wp-content\/uploads\/2019\/07\/fullsizeoutput_1339-1024x573.jpeg 1024w, https:\/\/varepsykoterapia.fi\/wp-content\/uploads\/2019\/07\/fullsizeoutput_1339-300x168.jpeg 300w, https:\/\/varepsykoterapia.fi\/wp-content\/uploads\/2019\/07\/fullsizeoutput_1339-768x430.jpeg 768w, https:\/\/varepsykoterapia.fi\/wp-content\/uploads\/2019\/07\/fullsizeoutput_1339.jpeg 1287w\" sizes=\"auto, (max-width: 706px) 89vw, (max-width: 767px) 82vw, 740px\" \/><\/figure><div class=\"wp-block-media-text__content\">\n<p><em>(L\u00e4hde:Integratiivisen psykoterapian yhdistys)<\/em><\/p>\n<\/div><\/div>\n","protected":false},"excerpt":{"rendered":"<p>&#8221;Integratiivisessa psykoterapiassa tavoitteena on ty\u00f6skentelytapa, joka huomioi asiakkaiden yksil\u00f6lliset hoidolliset tarpeet mahdollisimman hyvin. T\u00e4h\u00e4n pyrit\u00e4\u00e4n erityisesti painottamalla eri psykoterapiamuodoille yhteisi\u00e4, muutosta tutkitusti tuottavia tekij\u00f6it\u00e4, kuten hyv\u00e4\u00e4 yhteisty\u00f6suhdetta asiakkaan ja terapeutin v\u00e4lill\u00e4. Tarpeen mukaan l\u00e4hestymistapaa t\u00e4ydennet\u00e4\u00e4n asiakkaan hoitoon soveltuvalla kokonaisuudella eri psykoterapiasuuntausten teoreettisista hahmotustavoista ja tekniikoista. Psykoterapiassa asiakas ja terapeutti neuvottelevat yhdess\u00e4 asiakkaan yksil\u00f6llisist\u00e4 tavoitteista ja &hellip; <\/p>\n<p class=\"link-more\"><a href=\"https:\/\/varepsykoterapia.fi\/index.php\/integratiivinen-psykoterapia\/\" class=\"more-link\">Jatka lukemista<span class=\"screen-reader-text\"> &#8221;Integratiivinen psykoterapia&#8221;<\/span><\/a><\/p>\n","protected":false},"author":1,"featured_media":254,"parent":0,"menu_order":0,"comment_status":"closed","ping_status":"closed","template":"","meta":{"footnotes":""},"class_list":["post-140","page","type-page","status-publish","has-post-thumbnail","hentry"],"acf":[],"_links":{"self":[{"href":"https:\/\/varepsykoterapia.fi\/index.php\/wp-json\/wp\/v2\/pages\/140","targetHints":{"allow":["GET"]}}],"collection":[{"href":"https:\/\/varepsykoterapia.fi\/index.php\/wp-json\/wp\/v2\/pages"}],"about":[{"href":"https:\/\/varepsykoterapia.fi\/index.php\/wp-json\/wp\/v2\/types\/page"}],"author":[{"embeddable":true,"href":"https:\/\/varepsykoterapia.fi\/index.php\/wp-json\/wp\/v2\/users\/1"}],"replies":[{"embeddable":true,"href":"https:\/\/varepsykoterapia.fi\/index.php\/wp-json\/wp\/v2\/comments?post=140"}],"version-history":[{"count":5,"href":"https:\/\/varepsykoterapia.fi\/index.php\/wp-json\/wp\/v2\/pages\/140\/revisions"}],"predecessor-version":[{"id":630,"href":"https:\/\/varepsykoterapia.fi\/index.php\/wp-json\/wp\/v2\/pages\/140\/revisions\/630"}],"wp:featuredmedia":[{"embeddable":true,"href":"https:\/\/varepsykoterapia.fi\/index.php\/wp-json\/wp\/v2\/media\/254"}],"wp:attachment":[{"href":"https:\/\/varepsykoterapia.fi\/index.php\/wp-json\/wp\/v2\/media?parent=140"}],"curies":[{"name":"wp","href":"https:\/\/api.w.org\/{rel}","templated":true}]}}